{"id":8,"date":"2013-06-26T17:35:01","date_gmt":"2013-06-26T17:35:01","guid":{"rendered":"http:\/\/iontaoibheasfodhla.ie\/?page_id=8"},"modified":"2023-05-24T11:12:53","modified_gmt":"2023-05-24T11:12:53","slug":"tograiprojects","status":"publish","type":"page","link":"http:\/\/iontaoibheasfodhla.ie\/?page_id=8","title":{"rendered":"T\u00f3gra\u00ed\/Projects"},"content":{"rendered":"<p><a href=\"http:\/\/cuireadhchunceoil.ie\/\">Com\u00f3rtas Bonn Oir Se\u00e1n O Riada<\/a><\/p>\n<p><a href=\"http:\/\/feilenalaoch.com\/\">F\u00e9ile na Laoch<\/a><\/p>\n<p><a title=\"Oireachtas na Gaeilge i gCorcaigh\" href=\"http:\/\/iontaoibheasfodhla.ie\/?page_id=34\">Oireachtas na Gaeilge i gCorcaigh<\/a><\/p>\n<p>Deire Seachtain\u00ed Cult\u00fartha<\/p>\n<p>Na Maoiri i M\u00fascra\u00ed<\/p>\n<p>Culturlann Se\u00e1n O Riada<\/p>\n","protected":false},"excerpt":{"rendered":"<p>Com\u00f3rtas Bonn Oir Se\u00e1n O Riada F\u00e9ile na Laoch Oireachtas na Gaeilge i gCorcaigh Deire Seachtain\u00ed Cult\u00fartha Na Maoiri i M\u00fascra\u00ed Culturlann Se\u00e1n O Riada<\/p>\n","protected":false},"author":1,"featured_media":0,"parent":0,"menu_order":0,"comment_status":"closed","ping_status":"closed","template":"","meta":[],"_links":{"self":[{"href":"http:\/\/iontaoibheasfodhla.ie\/index.php?rest_route=\/wp\/v2\/pages\/8"}],"collection":[{"href":"http:\/\/iontaoibheasfodhla.ie\/index.php?rest_route=\/wp\/v2\/pages"}],"about":[{"href":"http:\/\/iontaoibheasfodhla.ie\/index.php?rest_route=\/wp\/v2\/types\/page"}],"author":[{"embeddable":true,"href":"http:\/\/iontaoibheasfodhla.ie\/index.php?rest_route=\/wp\/v2\/users\/1"}],"replies":[{"embeddable":true,"href":"http:\/\/iontaoibheasfodhla.ie\/index.php?rest_route=%2Fwp%2Fv2%2Fcomments&post=8"}],"version-history":[{"count":5,"href":"http:\/\/iontaoibheasfodhla.ie\/index.php?rest_route=\/wp\/v2\/pages\/8\/revisions"}],"predecessor-version":[{"id":196,"href":"http:\/\/iontaoibheasfodhla.ie\/index.php?rest_route=\/wp\/v2\/pages\/8\/revisions\/196"}],"wp:attachment":[{"href":"http:\/\/iontaoibheasfodhla.ie\/index.php?rest_route=%2Fwp%2Fv2%2Fmedia&parent=8"}],"curies":[{"name":"wp","href":"https:\/\/api.w.org\/{rel}","templated":true}]}}