{"id":5,"date":"2013-06-26T17:32:14","date_gmt":"2013-06-26T17:32:14","guid":{"rendered":"http:\/\/iontaoibheasfodhla.ie\/?page_id=5"},"modified":"2025-06-10T16:10:06","modified_gmt":"2025-06-10T16:10:06","slug":"failte","status":"publish","type":"page","link":"http:\/\/iontaoibheasfodhla.ie\/","title":{"rendered":"F\u00e1ilte"},"content":{"rendered":"<p style=\"padding-left: 30px;\">Eagra\u00edocht fial deonach is ea Iontaoibheas F\u00f3dhla faoi sti\u00far b\u00f3rd de iontaoibhithe deonacha.\u00a0 Is \u00e9 is aidhm ag an Iontaoibheas an Cult\u00far Gaelach a chur chun cinn idir cheol, litriocht, stair, feals\u00fanacht, creidimh agus gn\u00e9ithe eile a bhainean leis. Is n\u00f3s leis an Iontaoibheas taca\u00edocht do thabhairt do feachtais\u00ed is \u00f3caid\u00ed a threis\u00edon an aidhm sin.<\/p>\n<p style=\"padding-left: 30px;\">O buna\u00edodh iad I 1998 t\u00e1id tar\u00e9is tac\u00fa le deire seachtain\u00ed oideachas\u00fala ar Fheabhals\u00fanacht faoi leith\u00e9id\u00ed John Moriarty is Deas\u00fan Fennel, n\u00f3 C\u00farsa\u00ed ceoil eaglasta le leith\u00e9id an tEasbog John Magee n\u00f3 le m\u00f3r \u00f3c\u00e1id\u00ed ar n\u00f3s Oireachtas na Gaeilge i gCorcaigh i 2005 agus aris i 2008.<\/p>\n<p style=\"padding-left: 30px;\">B&#8217;iad a bh\u00ed lastiar do F\u00e9ile na Laoch i 2011, 2018 agus beidh 2025 agus ar\u00eds den bhfeachtas le cult\u00far na Maoir\u00ed do threisi\u00fa tr\u00ed eadargh\u00e1bhail le gaeil Mh\u00fascraighe i 2012.<\/p>\n<p style=\"padding-left: 30px;\">T\u00e1 siad mar an pr\u00edomh thaca\u00ed ag RnaG agus Peadar O Riada le Com\u00f3rtas Bliant\u00fail Bonn \u00d3r Se\u00e1n \u00d3 Riada a reacht\u00e1iltear ar Rnag agus an idirlinn ar fuaid an domhain gach bliain.\u00a0\u00a0 Is iad Iontaoibheas F\u00f3dhla at\u00e1 ag tac\u00fa le eagr\u00fa &#8220;Droichead na nGael&#8221; at\u00e1 a seoladh le cuairt an Uachtar\u00e1in Miche\u00e1l D. O hUig\u00edn ar Oile\u00e1n \u00cddhe mar ar thug s\u00e9 an ch\u00e9ad l\u00e9acht.\u00a0 Droichead na nGael isea iarracht chun dh\u00e1 eite an N\u00e1isi\u00fain Ghaelaigh\u00a0 \u00f3 \u00c9ire go hAlaba do cheangailt.\u00a0 B&#8217;\u00e9 an bhliain 2013 an bhliain a cheili\u00faraigh 1450 blain \u00f3 bhuail Colm Cille cois ar an oile\u00e1n bheannaithe seo an ch\u00e9ad l\u00e1. Bun\u00fa \u00d3rd Aegus an saothar m\u00f3r idir l\u00e1imhibh acu le d\u00e9ana\u00ed.<\/p>\n<p style=\"padding-left: 30px;\">F\u00e1ilt\u00edonn Iontaoibheas F\u00f3dhla i gc\u00f3na\u00ed roim taca\u00edocht \u00f3n bpobal agus is f\u00e9idir \u00e9 sin a dheineamh ach scr\u00edomh chughainn ansa.<\/p>\n<p style=\"padding-left: 30px;\"><span style=\"color: #993300;\"><em>Iontaoibheas F\u00f3dhla is a voluntary benevolent trust with a board of voluntary trustees.\u00a0 <\/em><em>The aim of the Trust is to promote the culture of the Gaelic Nation encompassing music, literature, history,\u00a0 philosophy,\u00a0 faiths and other elements of this culture.\u00a0 <\/em><\/span><\/p>\n<p style=\"padding-left: 30px;\"><em><span style=\"color: #ff0000;\"><span style=\"color: #993300;\">Originally founded in 1998, they have organised philosophy weekends with the like of John Moriarty and Desmond Fennel or Church Music Weekends with the likes of Bishop John Magee.\u00a0 They have been the supporters of major events such as Oireachtas na Gaeilge (The National Festival of Gaelic Language) in Cork city in the years 2005 and 2008.\u00a0\u00a0<\/span> <\/span><\/em><\/p>\n<p style=\"padding-left: 30px;\"><em><span style=\"color: #ff0000;\"><span style=\"color: #993300;\">They back the F\u00e9ile na Laoch festival ( a once every seven years\u00a0 event that commemorates the live and work of Se\u00e1n\u00a0 Riada) which held in 2011, 2018 and will happen again 2025.\u00a0\u00a0 They also backed the events of the White Cockatoos aboriginal tribe from Australia in 211 and the Maori coming to Cuil Aodha in 2012 and the strengthening of their respective cultures.<\/span> <\/span><\/em><\/p>\n<p style=\"padding-left: 30px;\"><em><span style=\"color: #ff0000;\"><span style=\"color: #993300;\">They are the regular partner with RnaG in the annual Se\u00e1n O Riada Gold Medal competition which is held on RnaG and is available worldwide via the internet and open to all traditional Irish musicians everywhere world wide. They are the principle backers of the event &#8220;Droichead na nGael&#8221; which is the creation of a bridge of awareness between the two wings of the Gaelic Nation in Ireland and Scotland.\u00a0\u00a0 This was inaugurated on the Island of Iona on the 20th July 2013 and the first lecture given by the President of Ireland Michael D O hUig\u00edn.\u00a0 This event marks the 1450th anniversary since the arrival there of St ColmCille.\u00a0<\/span> <\/span><\/em><\/p>\n<p style=\"padding-left: 30px;\"><span style=\"color: #993300;\"><em>The founding of \u00d3rd Aegus is the newest project they are working on at present. The Trust welcomes always all forms of support and this can be initiated by contacting us here<\/em><\/span><\/p>\n","protected":false},"excerpt":{"rendered":"<p>Eagra\u00edocht fial deonach is ea Iontaoibheas F\u00f3dhla faoi sti\u00far b\u00f3rd de iontaoibhithe deonacha.\u00a0 Is \u00e9 is aidhm ag an Iontaoibheas an Cult\u00far Gaelach a chur chun cinn idir cheol, litriocht, stair, feals\u00fanacht, creidimh agus gn\u00e9ithe eile a bhainean leis. Is n\u00f3s leis an Iontaoibheas taca\u00edocht do thabhairt do feachtais\u00ed is \u00f3caid\u00ed a threis\u00edon an aidhm&#8230;<\/p>\n","protected":false},"author":1,"featured_media":0,"parent":0,"menu_order":0,"comment_status":"closed","ping_status":"closed","template":"","meta":[],"_links":{"self":[{"href":"http:\/\/iontaoibheasfodhla.ie\/index.php?rest_route=\/wp\/v2\/pages\/5"}],"collection":[{"href":"http:\/\/iontaoibheasfodhla.ie\/index.php?rest_route=\/wp\/v2\/pages"}],"about":[{"href":"http:\/\/iontaoibheasfodhla.ie\/index.php?rest_route=\/wp\/v2\/types\/page"}],"author":[{"embeddable":true,"href":"http:\/\/iontaoibheasfodhla.ie\/index.php?rest_route=\/wp\/v2\/users\/1"}],"replies":[{"embeddable":true,"href":"http:\/\/iontaoibheasfodhla.ie\/index.php?rest_route=%2Fwp%2Fv2%2Fcomments&post=5"}],"version-history":[{"count":10,"href":"http:\/\/iontaoibheasfodhla.ie\/index.php?rest_route=\/wp\/v2\/pages\/5\/revisions"}],"predecessor-version":[{"id":254,"href":"http:\/\/iontaoibheasfodhla.ie\/index.php?rest_route=\/wp\/v2\/pages\/5\/revisions\/254"}],"wp:attachment":[{"href":"http:\/\/iontaoibheasfodhla.ie\/index.php?rest_route=%2Fwp%2Fv2%2Fmedia&parent=5"}],"curies":[{"name":"wp","href":"https:\/\/api.w.org\/{rel}","templated":true}]}}