{"id":27,"date":"2013-06-27T10:12:32","date_gmt":"2013-06-27T10:12:32","guid":{"rendered":"http:\/\/iontaoibheasfodhla.ie\/?page_id=27"},"modified":"2024-01-09T22:13:25","modified_gmt":"2024-01-09T22:13:25","slug":"cairde-an-iontaoibhisfriends-of-the-trust","status":"publish","type":"page","link":"http:\/\/iontaoibheasfodhla.ie\/?page_id=27","title":{"rendered":"C\u00e1irde an Iontaoibhis\/Friends of the Trust"},"content":{"rendered":"<p style=\"padding-left: 30px;\"><span style=\"color: #000000;\">B\u00edonn f\u00e1ilte ag an Iontaoibheas roim taca\u00edocht igc\u00f3na\u00ed.\u00a0 T\u00e1 club c\u00e1irdis againn d\u00f3ibh sin gur mian leo tac\u00fa linn.\u00a0 S\u00ednti\u00fais airigid an gn\u00e1th rud ach t\u00e1 eagraiochta\u00ed a bhronnan deontais\u00ed n\u00f3 a thagann ar b\u00f3rd linn le feachtais\u00ed \u00e1irithe.\u00a0 Sin at\u00e1 liost\u00e1ltha th\u00edos. M\u00e1s maith leat cabhr\u00fa linn, dein teangabh\u00e1il linn ag bun an leathanaigh seo ansa.<\/span><\/p>\n<p style=\"padding-left: 30px;\"><span style=\"color: #993300;\"><em>We in the Iontaoibheas welcome support.\u00a0 We have a friendship club for those that would like to help us.\u00a0 Financial donations are the usual but we also have the friendship of organizations who donate sponsorship or come on board with us for specific projects.\u00a0 We list our friends here.\u00a0 If you would like to help, please contact us here.<\/em><\/span><\/p>\n<p style=\"padding-left: 30px;\"><a href=\"http:\/\/www.rte.ie\/rnag\/\" target=\"_blank\" rel=\"noopener\"><span style=\"color: #008000;\">Raid\u00e9\u00f3 na Gaeltachta<\/span><\/a><\/p>\n<p style=\"padding-left: 30px;\"><a href=\"http:\/\/www.gael-linn.ie\/\" target=\"_blank\" rel=\"noopener\"><span style=\"color: #3366ff;\">Gael Linn<\/span><\/a><\/p>\n<p style=\"padding-left: 30px;\"><a href=\"http:\/\/www.colmcille.net\/\" target=\"_blank\" rel=\"noopener\"><span style=\"color: #008000;\">CholmCille<\/span><\/a><\/p>\n<p style=\"padding-left: 30px;\"><a href=\"http:\/\/www.christymoore.com\/\" target=\"_blank\" rel=\"noopener\"><span style=\"color: #3366ff;\">Christy Moore<\/span><\/a><\/p>\n<p style=\"padding-left: 30px;\"><span style=\"color: #008000;\"><a style=\"color: #008000;\" href=\"http:\/\/www.christymoore.com\/\" target=\"_blank\" rel=\"noopener\">Jimmy McCarthy<\/a><\/span><\/p>\n<p style=\"padding-left: 30px;\"><a href=\"http:\/\/www.corkcoco.ie\/co\/web\/Global%20Nav\/Home\" target=\"_blank\" rel=\"noopener\"><span style=\"color: #3366ff;\">Cormhairle Contae Chorcaighe<\/span><\/a><\/p>\n<p style=\"padding-left: 30px;\"><a href=\"http:\/\/www.udaras.ie\/en\/\" target=\"_blank\" rel=\"noopener\"><span style=\"color: #008000;\">Udar\u00e1s na Gaeltachta<\/span><\/a><\/p>\n<p style=\"padding-left: 30px;\"><a href=\"http:\/\/www.macroombookshop.com\/\" target=\"_blank\" rel=\"noopener\"><span style=\"color: #3366ff;\">Martin Fitzgerald.<\/span><\/a><\/p>\n<p style=\"padding-left: 30px;\"><a href=\"http:\/\/www.iiu.ie\/\" target=\"_blank\" rel=\"noopener\"><span style=\"color: #008000;\">Dermot Desmond<\/span><\/a><\/p>\n<p style=\"padding-left: 30px;\"><a href=\"http:\/\/comhaltas.ie\/\" target=\"_blank\" rel=\"noopener\"><span style=\"color: #3366ff;\">Comhaltas Ceolt\u00f3ir\u00ed \u00c9ireann<\/span><\/a><\/p>\n<p style=\"padding-left: 30px;\"><span style=\"color: #008000;\"><a style=\"color: #008000;\" href=\"https:\/\/imro.ie\/\" target=\"_blank\" rel=\"noopener\">IMRO<\/a><\/span><\/p>\n<p style=\"padding-left: 30px;\"><a href=\"https:\/\/www.rochestownpark.com\/\" target=\"_blank\" rel=\"noopener\"><span style=\"color: #3366ff;\">Rochestwon Park Hotel<\/span><\/a><\/p>\n<hr \/>\n<p style=\"padding-left: 30px;\"><em><script>jQuery(document).ready(function(){});<\/script><script type=\"text\/javascript\"> var xyz_cfm_date_format = \"m\/d\/Y\";function xyz_cfm_2_1_check(){var firstErrorId = \"\"; var xyz_cfm_client_error = 0;var xyz_cfm_name_yourName_6_1 = document.getElementById(\"yourName_6_1\").value;\nif(xyz_cfm_name_yourName_6_1.trim() == \"\"){\ndocument.getElementById(\"text_yourName_6_1\").innerHTML = \"Fill text field\";\nif(firstErrorId ==  \"\"){\nfirstErrorId = \n\"yourName_6_1\";\n}\nxyz_cfm_client_error = 1;\n}else{\ndocument.getElementById(\"text_yourName_6_1\").innerHTML = \"\";\n}var xyz_cfm_email_yourEmail_7_1 = jQuery.trim(document.getElementById(\"yourEmail_7_1\").value);\nif(xyz_cfm_email_yourEmail_7_1 != \"\"){\nvar reg = \/^([A-Za-z0-9_\\-\\.])+\\@([A-Za-z0-9_\\-\\.])+\\.([A-Za-z]{2,4})$\/;\nif(reg.test(xyz_cfm_email_yourEmail_7_1) == false) {\ndocument.getElementById(\"email_yourEmail_7_1\").innerHTML = \"Please provide a valid email address\";\nif(firstErrorId ==  \"\"){\nfirstErrorId = \n\"yourEmail_7_1\";\n}\nxyz_cfm_client_error = 1;\n}else{\ndocument.getElementById(\"email_yourEmail_7_1\").innerHTML = \"\";\n}\n}else if(xyz_cfm_email_yourEmail_7_1.trim() == \"\"){\ndocument.getElementById(\"email_yourEmail_7_1\").innerHTML = \"Fill email field\";\nif(firstErrorId ==  \"\"){\nfirstErrorId = \n\"yourEmail_7_1\";\n}\nxyz_cfm_client_error = 1;\n}else{\ndocument.getElementById(\"email_yourEmail_7_1\").innerHTML = \"\";\n}var xyz_cfm_name_subject_8_1 = document.getElementById(\"subject_8_1\").value;\nif(xyz_cfm_name_subject_8_1.trim() == \"\"){\ndocument.getElementById(\"text_subject_8_1\").innerHTML = \"Fill text field\";\nif(firstErrorId ==  \"\"){\nfirstErrorId = \n\"subject_8_1\";\n}\nxyz_cfm_client_error = 1;\n}else{\ndocument.getElementById(\"text_subject_8_1\").innerHTML = \"\";\n}var xyz_cfm_textArea_message_9_1 = document.getElementById(\"message_9_1\").value;\nif(xyz_cfm_textArea_message_9_1.trim() == \"\"){\ndocument.getElementById(\"textarea_message_9_1\").innerHTML = \"Fill textarea field\";\nif(firstErrorId ==  \"\"){\nfirstErrorId = \n\"message_9_1\";\n}\nxyz_cfm_client_error = 1;\n}else{\ndocument.getElementById(\"textarea_message_9_1\").innerHTML = \"\";\n}\nif(xyz_cfm_client_error == 1){\nif(firstErrorId !=  \"\"){\ndocument.getElementById(firstErrorId).focus();\n}\nreturn false;\n}}<\/script>\n<div id=\"xyz_cfm_teangabh\u00e1il_1_success\" style=\"background: #C8FCBB;  text-align: center;  border-radius: 15px; margin-bottom: 20px;\"><\/div>\n<form name=\"xyz_cfm_2_1\" method=\"POST\" id=\"xyz_cfm_2_1\" enctype=\"multipart\/form-data\" onSubmit=\"return xyz_cfm_2_1_check();\">\n<div class=\"xyz_cfm_theme_div_id_\"><table style=\"width: 100%;\">\n<tbody>\n<tr>\n<td>Ainm<\/td>\n<td>\u00a0:\u00a0<\/td>\n<td><input  class=\"\"  type=\"text\" id=\"yourName_6_1\" name=\"yourName\"  value=\"\"  ><span style=\"color:red;\">*<\/span><div style=\"font-weight: normal;color:red;\" id=\"text_yourName_6_1\"><\/div>\n<\/td>\n<\/tr>\n<tr>\n<td>Do R\u00edomh phost<\/td>\n<td>\u00a0:\u00a0<\/td>\n<td>\n<p><input  class=\"\"  type=\"text\" id=\"yourEmail_7_1\" name=\"yourEmail\"  value=\"\"  ><span style=\"color:red;\">*<\/span><div style=\"font-weight: normal;color:red;\" id=\"email_yourEmail_7_1\"><\/div>\n<\/p>\n<\/td>\n<\/tr>\n<tr>\n<td>Abhar<\/td>\n<td>\u00a0:\u00a0<\/td>\n<td><input  class=\"\"  type=\"text\" id=\"subject_8_1\" name=\"subject\"  value=\"\"  ><span style=\"color:red;\">*<\/span><div style=\"font-weight: normal;color:red;\" id=\"text_subject_8_1\"><\/div>\n<\/td>\n<\/tr>\n<tr>\n<td>teachtaireacht<\/td>\n<td>\u00a0:\u00a0<\/td>\n<td><textarea   class=\"textAreaStyle  \"  id=\"message_9_1\" name=\"message\"   rows=\"6\" cols=\"45\"><\/textarea><span style=\"color:red;\">*<\/span><div style=\"font-weight: normal;color:red;\" id=\"textarea_message_9_1\"><\/div>\n<\/td>\n<\/tr>\n<tr>\n<td colspan=\"2\">\u00a0<\/td>\n<td><input class=\"\"  type=\"submit\" name=\"submit\" id=\"submit_10_1\" value=\"Send\"  ><\/td>\n<\/tr>\n<\/tbody>\n<\/table><\/div>\n<input type =\"hidden\" name=\"xyz_cfm_frmName_1\"  value=\"teangabh\u00e1il\" >\n<\/form><\/em><\/p>\n","protected":false},"excerpt":{"rendered":"<p>B\u00edonn f\u00e1ilte ag an Iontaoibheas roim taca\u00edocht igc\u00f3na\u00ed.\u00a0 T\u00e1 club c\u00e1irdis againn d\u00f3ibh sin gur mian leo tac\u00fa linn.\u00a0 S\u00ednti\u00fais airigid an gn\u00e1th rud ach t\u00e1 eagraiochta\u00ed a bhronnan deontais\u00ed n\u00f3 a thagann ar b\u00f3rd linn le feachtais\u00ed \u00e1irithe.\u00a0 Sin at\u00e1 liost\u00e1ltha th\u00edos. M\u00e1s maith leat cabhr\u00fa linn, dein teangabh\u00e1il linn ag bun an leathanaigh&#8230;<\/p>\n","protected":false},"author":1,"featured_media":0,"parent":0,"menu_order":0,"comment_status":"closed","ping_status":"closed","template":"","meta":[],"_links":{"self":[{"href":"http:\/\/iontaoibheasfodhla.ie\/index.php?rest_route=\/wp\/v2\/pages\/27"}],"collection":[{"href":"http:\/\/iontaoibheasfodhla.ie\/index.php?rest_route=\/wp\/v2\/pages"}],"about":[{"href":"http:\/\/iontaoibheasfodhla.ie\/index.php?rest_route=\/wp\/v2\/types\/page"}],"author":[{"embeddable":true,"href":"http:\/\/iontaoibheasfodhla.ie\/index.php?rest_route=\/wp\/v2\/users\/1"}],"replies":[{"embeddable":true,"href":"http:\/\/iontaoibheasfodhla.ie\/index.php?rest_route=%2Fwp%2Fv2%2Fcomments&post=27"}],"version-history":[{"count":10,"href":"http:\/\/iontaoibheasfodhla.ie\/index.php?rest_route=\/wp\/v2\/pages\/27\/revisions"}],"predecessor-version":[{"id":235,"href":"http:\/\/iontaoibheasfodhla.ie\/index.php?rest_route=\/wp\/v2\/pages\/27\/revisions\/235"}],"wp:attachment":[{"href":"http:\/\/iontaoibheasfodhla.ie\/index.php?rest_route=%2Fwp%2Fv2%2Fmedia&parent=27"}],"curies":[{"name":"wp","href":"https:\/\/api.w.org\/{rel}","templated":true}]}}