{"id":16,"date":"2013-06-26T18:59:02","date_gmt":"2013-06-26T18:59:02","guid":{"rendered":"http:\/\/iontaoibheasfodhla.ie\/?page_id=16"},"modified":"2024-01-09T22:43:46","modified_gmt":"2024-01-09T22:43:46","slug":"feile-na-laoch","status":"publish","type":"page","link":"http:\/\/iontaoibheasfodhla.ie\/?page_id=16","title":{"rendered":"F\u00e9ile na Laoch"},"content":{"rendered":"<p style=\"text-align: center;\"><a href=\"http:\/\/iontaoibheasfodhla.ie\/wp-content\/uploads\/2013\/06\/Unknown.jpeg\"><img decoding=\"async\" loading=\"lazy\" class=\" wp-image-121 aligncenter\" src=\"http:\/\/iontaoibheasfodhla.ie\/wp-content\/uploads\/2013\/06\/Unknown-300x150.jpeg\" alt=\"Unknown\" width=\"500\" height=\"150\" \/><\/a><\/p>\n<p>Caileadh Se\u00e1n \u00d3 Riada sa bhliain1971.\u00a0 Sa bhliain 1974 dheineamar ceili\u00faradh ar \u00f3caid tr\u00ed mbliana tar\u00e9is a bh\u00e1is. Bh\u00ed an coiste ceiliuradh sin faoi sti\u00fair Cheabhail U\u00ed Dh\u00e1laigh agus Ruth U\u00ed Riada. Ar \u00f3caid deich mblaina tar\u00e9is a bh\u00e1is bh\u00ed an dara ceili\u00faradh g\u00ed faraoir go raibh Cearbhail agus Ruth\u00a0 imithe uainn.\u00a0\u00a0 D\u00e1la a Fh\u00e9ile eile, bh\u00ed maithe agus m\u00f3r uaisle na t\u00edre i dteannta ann maraon le Uachtar\u00e1n na h\u00c9ireann, T\u00e1naiste, Air\u00ed is polaiticeoir\u00ed is cl\u00e9ir na tire.\u00a0 B&#8217;\u00e9 t\u00e9\u00e1ma an F\u00e9ile \u00e1irithe seo, an ceangal idir p\u00f3r na gCeilteach sa T\u00edr seo agus a mbun\u00fas san Ind maraon le gn\u00e9ithe \u00e9ags\u00fala an eala\u00edontora Se\u00e1n \u00d3 Riada. Bh\u00ed an tr\u00ed\u00fa ceili\u00faradh againn ar \u00f3c\u00e1id fiche bliana tar\u00e9is bh\u00e1is She\u00e1in i 1991.\u00a0 Ar an \u00f3c\u00e1id seo do mhair an F\u00e9ile aon uair a chloig amh\u00e1in faoi sti\u00fair an Taoisigh.\u00a0 \u201cCriocha Amhalaiochta an Eala\u00edont\u00f3ra\u201d a bh\u00ed faoi chaibideal an turas sin.\u00a0 Sa bhlain 2011 sea tosna\u00edodh ar bun\u00fas faid t\u00e9armach do chuir leis na h\u00f3c\u00e1id\u00ed seo agus \u00f3 shoin, fhillfigh an F\u00e9ile gach seacht\u00fa bliain.\u00a0 Oireann d\u00fainn an coincheap do leathan\u00fa leis ionas go nd\u00e9afam ceiluradh ar laochra eile an n\u00e1isi\u00fain ghaelaigh p\u00e9 in \u00c9ireinn iad n\u00f3 scaipithe ar fuaid na cruinne sa \u2018Diaspora\u2019.\u00a0 Teasta\u00edonn uainn athbhuan\u00fa do dheineamh ar an ngaol at\u00e1 idir na daoine agus a mbaile dh\u00fachais ar an oile\u00e1n seo, a stair, a n\u2019oidhreacht agus iad a bhuan\u00fa tr\u00ed mheann a n\u2019eala\u00edont\u00f3ir\u00ed ionas go mbeidh an N\u00e1isi\u00fain forleathan seo, misnithe, buanaithe agus c\u00f3irithe dos na blianta beaga at\u00e1 romhainn.\u00a0 F\u00e9ile na Laoch is ainm don bhF\u00e9ile anois is coiche. Ann b\u00edonn seimine\u00e1ir, taispeantais\u00ed st\u00e1itse is sr\u00e1ide ins na m\u00f3dhanna \u00e9ags\u00fala crutha\u00edoch d\u00e1 chraoladh beo againn ar fuaid an domhain \u00f3n \u00f3c\u00e1id seo tr\u00ed mheann an idirlinn, raid\u00e9\u00f3 agus mar sin de.\u00a0 Beidh s\u00e9 ina dh\u00e1 chuid a chuirfidh tosach agus clabhsur le tr\u00e9imhse ghinear\u00e1lta ceiliuradh ar fuaid na t\u00edre.\u00a0 Oscl\u00f3far An Bosca M\u00f3r at\u00e1 i dtaisce i s\u00e9ip\u00e9al Ch\u00fail Aodha ar an 1\u00fa Bealataine de bhliain ceili\u00faradh.\u00a0 Istig ann t\u00e1 na bratacha agus picti\u00fair\u00ed na 100 laoch a bh\u00ed ann sa bhF\u00e9ile seacht mblian roimis sin.\u00a0 Tiosn\u00e1ionn tr\u00e9imhse ullamh\u00fach\u00e1in a leanfaigh go tosach an Treimhse F\u00e9ile a leanan\u00a0 tr\u00ed mh\u00ed as san ar fuaid na t\u00edre.\u00a0 Tosn\u00f3igh an cead tr\u00e9imhse eile mar seo ar an Aoine an 27\u00fa I\u00fail 2018 nuair a lasfar l\u00f3chrann a scoilfear in \u00edsc ar an 7\u00fa Deire Fomhair go ceann seacht mbliana ar\u00eds.agus leanfaigh an c\u00e9\u00e1d babhta go dt\u00ed an coirm m\u00f3r thar oiche ar an gCeadoin 1\/8\/2018).\u00a0 Cr\u00edochn\u00f3igh an tr\u00e9imhse F\u00e9ile seo ar an gc\u00e9ad deire seachatine Deire Fomhair le m\u00facha an L\u00f3chrann,\u00a0 \u00edsle\u00f3far na brait is cuirfear i dtaisce go fileata is go ceolmhar, an 100 picti\u00fair\u00ed laochra M\u00fascra\u00ed is \u00c9ireann agus na 49 bratacha spleodracha na Laoch&#8221;Coirm mh\u00f3r an D\u00fanadh&#8221; na tr\u00e9imhse ar oiche an Domhnach 7\/10\/2018.\u00a0 Ans\u00fad, ar buille an mheann oiche tr\u00e1th a bheidh an tairninge deirneach bualite isteach sa Bhosca M\u00f3r go cionn seacht mbliana ar\u00eds.<\/p>\n<p>An oiche roim breacadh an lae ar L\u00e1 Lughnasa is ea pr\u00edomh \u00f3c\u00e1id an Fh\u00e9ile. T\u00e1 an su\u00edomh lonnaithe i gC\u00fail Aodha, an glean mar ar th\u00f3g na Tuatha D\u00e9 Danainn a seasamh deirneach im gcoinninbh na gCeilteach, ar bhruachaibh an tSul\u00e1in, an t-aon abhainn fireann sa t\u00edr. Gluaisfidh na h-eala\u00edont\u00f3ir\u00ed agus na daoine faoi bhrataibh is manna\u00ed an n-eagraiochta\u00ed, ar n\u00f3s Aosd\u00e1na, Acadamh F\u00f3dhla, C.L.G, Ollscoileanna is a leith\u00e9id, maraon leis an bpobal, chun an tsu\u00edmh faoi sti\u00fair bannai ceoil, Arna sroisint an l\u00e1thair d\u00f3ibh, scoilfear saor lampa\u00ed oiche chun sp\u00e9ir lena a gcuid gu\u00edonna is manna\u00ed chun na dtohghacha\u00ed. Ansan ar an bPavailion beag a bheidh i l\u00e1r\u00a0 an l\u00e1thair agus le linn dul faoi na gr\u00e9inne, tosn\u00f3igh s\u00e9 d\u00e1imh crutha\u00edoch ag taispe\u00e1int a gc\u00e9ird go buaic a gcumais.\u00a0 Beidh seachtar ealai\u00f3nt\u00f3ir i ngach D\u00e1imh agus gan ach seacht neomat ag gach duine acu san.\u00a0 Beidh sos deich neomat idir gach uair, tr\u00e1th a n\u2019aistre\u00f3far an pavilion c\u00fapla c\u00e9im\u00a0 \u00f3 thuaidh agus chun sos chun ite is sc\u00edth do thabhairt don lucht f\u00e9achanna. Seo \u00e9 an t-\u00f3rd ina reacht\u00e1ilfear na d\u00e1imhibh; Reacair\u00ed, Fil\u00ed, Aistreoir\u00ed, Amhr\u00e1naithe, R\u00ednceoir\u00ed agus Ceolt\u00f3ir\u00ed. Tabharfaigh san an taispe\u00e1ntas chomh d\u00e9anach le eir\u00ed gr\u00e9inne L\u00e1 Lughansa tr\u00e1th a sheinnfigh ceol fh\u00f3irne le ch\u00e9ile ceol Mise \u00c9ire de chuid She\u00e1in U\u00ed Riada agus an ghriann ag eir\u00ed. Reacht\u00e1ilfear an c\u00e9ad F\u00e9ile na Laoch eile sa bhliain 2025\u00a0 <a href=\"http:\/\/feilenalaoch.com\/\">Suiomh http:\/\/feilenalaoch.com\/<\/a><\/p>\n<p><span style=\"color: #993300;\">Se\u00e1n O Riada died on the 3\/10\/1971. In 1974 we had a festival to celebrate the third anniversary of his death. That Festival was under the direction of Cearbhall\u00a0 D\u00e1laigh and Ruth O Riada.\u00a0 On the occasion of the tenth anniversary alas both Cearbhall and Ruth had passed on. As with the first Festival, this occasion was graced by the great and noble of the country in the company of Ireland s President, T\u00e1iniste Ministers, politicians and clergy.\u00a0 That Festivals theme was the exploration of the relationship between Ireland and their Celtic ancestors from India as well as the many other facets of the arts that involved Se\u00e1n O Riada.\u00a0 A third Festival was held on the occasion of his 20th anniversary in 1991.\u00a0 It was of one hours duration and again the Taoiseach of the day attended and gave witness on behalf of the Nation. This hour delved into the &#8220;Subconscious Territories in the Mind of the Artist&#8221; (Se\u00e1n O Riada). For the 40th anniversary in 2011 we initiated a Festival which returns every seven years.\u00a0 We are also broadening the concept to include heroes of the Gaelic Nation generally with Scottish and Worldwide Diaspora connections also represented. \u00a0By pointing to the work of their creative artists, we wish to strengthen the identity and the link between these peoples and their original island home, their history and their heritage.<\/span><\/p>\n<p><span style=\"color: #993300;\">We broadcast the events live on the World Wide Web and radio etc., the seminars, concerts, ceremonies and other aspects of this festival.\u00a0 Every event is free to everyone.\u00a0 The trigger for this rare event is noon on Mayday and the Opening of the Bosca Mor (Big Box) which is held in S\u00e9ip\u00e9al Ch\u00fail Aodha.\u00a0 This box has been nailed shut as the last act 7 years previously and contains the flags of 49 artists and the 100 portraits of heroes, these are released like butterflies from a box and starts a period of excitement and preparation.\u00a0 The period of Festival starts in the days leading into 1st of August &#8211; La Lughnasa, Se\u00e1n\u2019s birthday.\u00a0 Many artists travel long journeys to participate and highlights of these events are available on the Internet at the Festival web site.\u00a0 The Festival period continues nationwide until the official dousing of the Torch and the final concert on the first Sunday in October where, at the stroke of midnight and to the accompaniment of musicians and choirs, the last nail is hammered into the bosca M\u00f3r and the flags and portraits are locked up once more to be the material of dreams for the next seven years. This second weekend is indoors and focuses on the future with seminars and talks and plans. We want a space where plain talk is provided without fear, favour or politicking.\u00a0\u00a0 Where the people can feel they are getting unvarnished information with which they will be able to make up their own minds as to how best to steer a course for themselves and their families in the next seven years as they deal with how to manage their wealth, children\u2019s education, food provision and domestic requirements and those needs in those other two equally important areas of being \u2013 the spiritual and the creative.<\/span><\/p>\n<p><span style=\"color: #993300;\">The main event of the whole period Festival during the first weekend and is the night leading into the dawn of August the first L\u00e1 Lughnasa.\u00a0\u00a0 The site is C\u00fail Aodha in the valley where the Tuath De Danainn made their last stand against the Celts, on the banks of the Sul\u00e1n, the only male river in Ireland.\u00a0 The artists and people will process behind the army and other bands and upon reaching the venue, as the sun sets, people will release their Chinese lanterns into the approaching night sky conveying their wishes to past and future.\u00a0 Then, centered on a small pavilion facing the setting sun, will start six hours, each dedicated to a different muse in this order: Reacaire (Story telling which today includes storytellers, journalists, writers of all kinds,) Poetry. Acting, Singing, Dancing, and Music.\u00a0\u00a0 Each class will be represented by seven of the best of their kind who will each have seven minutes to show their artistic discipline\u2019s greatness. There will be a ten-minute break after each discipline during which the small pavilion upon which they have performed shall be turned sun wise a few degrees, the last turn bringing it to face the rising sun.\u00a0 As the sun rises, combined volunteer orchestras will play the opening sequence of Mise \u00c9ire.\u00a0 The sportsmen will be called down from the moutain by the blaring horns and shall arrive to perform seven feats as portrayed in our ancient sagas.\u00a0 The next F\u00e9ile na Laoch will happen in 2025\u00a0 <a style=\"color: #993300;\" href=\"http:\/\/feilenalaoch.com\/\" target=\"_blank\" rel=\"noopener\">Web site http:\/\/feilenalaoch.com\/<\/a><\/span><\/p>\n","protected":false},"excerpt":{"rendered":"<p>Caileadh Se\u00e1n \u00d3 Riada sa bhliain1971.\u00a0 Sa bhliain 1974 dheineamar ceili\u00faradh ar \u00f3caid tr\u00ed mbliana tar\u00e9is a bh\u00e1is. Bh\u00ed an coiste ceiliuradh sin faoi sti\u00fair Cheabhail U\u00ed Dh\u00e1laigh agus Ruth U\u00ed Riada. Ar \u00f3caid deich mblaina tar\u00e9is a bh\u00e1is bh\u00ed an dara ceili\u00faradh g\u00ed faraoir go raibh Cearbhail agus Ruth\u00a0 imithe uainn.\u00a0\u00a0 D\u00e1la a Fh\u00e9ile&#8230;<\/p>\n","protected":false},"author":1,"featured_media":0,"parent":0,"menu_order":0,"comment_status":"closed","ping_status":"closed","template":"","meta":[],"_links":{"self":[{"href":"http:\/\/iontaoibheasfodhla.ie\/index.php?rest_route=\/wp\/v2\/pages\/16"}],"collection":[{"href":"http:\/\/iontaoibheasfodhla.ie\/index.php?rest_route=\/wp\/v2\/pages"}],"about":[{"href":"http:\/\/iontaoibheasfodhla.ie\/index.php?rest_route=\/wp\/v2\/types\/page"}],"author":[{"embeddable":true,"href":"http:\/\/iontaoibheasfodhla.ie\/index.php?rest_route=\/wp\/v2\/users\/1"}],"replies":[{"embeddable":true,"href":"http:\/\/iontaoibheasfodhla.ie\/index.php?rest_route=%2Fwp%2Fv2%2Fcomments&post=16"}],"version-history":[{"count":6,"href":"http:\/\/iontaoibheasfodhla.ie\/index.php?rest_route=\/wp\/v2\/pages\/16\/revisions"}],"predecessor-version":[{"id":240,"href":"http:\/\/iontaoibheasfodhla.ie\/index.php?rest_route=\/wp\/v2\/pages\/16\/revisions\/240"}],"wp:attachment":[{"href":"http:\/\/iontaoibheasfodhla.ie\/index.php?rest_route=%2Fwp%2Fv2%2Fmedia&parent=16"}],"curies":[{"name":"wp","href":"https:\/\/api.w.org\/{rel}","templated":true}]}}